{"id":3,"date":"2024-04-12T13:22:49","date_gmt":"2024-04-12T13:22:49","guid":{"rendered":"https:\/\/sd-snajper.si\/?page_id=3"},"modified":"2024-05-30T16:47:16","modified_gmt":"2024-05-30T14:47:16","slug":"cookie-policy","status":"publish","type":"page","link":"https:\/\/sd-snajper.si\/en\/cookie-policy\/","title":{"rendered":"Cookie Policy"},"content":{"rendered":"<div data-elementor-type=\"wp-page\" data-elementor-id=\"3\" class=\"elementor elementor-3\">\n\t\t\t\t<div class=\"elementor-element elementor-element-abc4867 e-flex e-con-boxed wpr-particle-no wpr-jarallax-no wpr-parallax-no wpr-sticky-section-no wpr-equal-height-no e-con e-parent\" data-id=\"abc4867\" data-element_type=\"container\" data-e-type=\"container\" data-settings=\"{&quot;background_background&quot;:&quot;gradient&quot;}\">\n\t\t\t\t\t<div class=\"e-con-inner\">\n\t\t<div class=\"elementor-element elementor-element-2e1ef55 e-con-full e-flex wpr-particle-no wpr-jarallax-no wpr-parallax-no wpr-sticky-section-no wpr-equal-height-no e-con e-child\" data-id=\"2e1ef55\" data-element_type=\"container\" data-e-type=\"container\">\n\t\t\t\t<div class=\"elementor-element elementor-element-493f239 elementor-widget elementor-widget-elementskit-heading\" data-id=\"493f239\" data-element_type=\"widget\" data-e-type=\"widget\" data-widget_type=\"elementskit-heading.default\">\n\t\t\t\t<div class=\"elementor-widget-container\">\n\t\t\t\t\t<div class=\"ekit-wid-con\" ><div class=\"ekit-heading elementskit-section-title-wraper text_center   ekit_heading_tablet-   ekit_heading_mobile-\"><h2 class=\"ekit-heading--title elementskit-section-title\">COOKIE POLICY<\/h2><h3 class=\"ekit-heading--subtitle elementskit-section-subtitle\">\n\t\t\t\t\t\t\u2013 Compliance with legislation \u2013\n\t\t\t\t\t<\/h3><\/div><\/div>\t\t\t\t<\/div>\n\t\t\t\t<\/div>\n\t\t\t\t<\/div>\n\t\t\t\t\t<\/div>\n\t\t\t\t<\/div>\n\t\t<div class=\"elementor-element elementor-element-6972c826 e-flex e-con-boxed wpr-particle-no wpr-jarallax-no wpr-parallax-no wpr-sticky-section-no wpr-equal-height-no e-con e-parent\" data-id=\"6972c826\" data-element_type=\"container\" data-e-type=\"container\" data-settings=\"{&quot;background_background&quot;:&quot;classic&quot;}\">\n\t\t\t\t\t<div class=\"e-con-inner\">\n\t\t\t\t<div class=\"elementor-element elementor-element-bce00df elementor-widget elementor-widget-text-editor\" data-id=\"bce00df\" data-element_type=\"widget\" data-e-type=\"widget\" data-widget_type=\"text-editor.default\">\n\t\t\t\t<div class=\"elementor-widget-container\">\n\t\t\t\t\t\t\t\t\t<p><\/p>\n<p><strong>Cookie Policy<\/strong><\/p>\n<p><strong>1. Introduction<\/strong><\/p>\n<p>This cookie policy explains how Strelsko dru\u0161tvo Snajper (\u201cwe\u201d, \u201cus\u201d, \u201cour\u201d) uses cookies and similar technologies on our website <a href=\"https:\/\/sd-snajper.si\/en\/\" target=\"_new\" rel=\"noreferrer\">www.sd-snajper.si<\/a> (\u201cWebsite\u201d). By using our website, you agree to the use of cookies as described in this policy.<\/p>\n<p><strong>2. What are cookies?<\/strong><\/p>\n<p>Cookies are small text files that are downloaded to your device when you visit a website. Cookies help the website recognize your device and remember certain information about your visits.<\/p>\n<p><strong>3. Types of Cookies We Use<\/strong><\/p>\n<ul>\n<li><strong>Necessary cookies:<\/strong> These cookies are essential for the functioning of our website and allow you to move around the website and use its functions.<\/li>\n<li><strong>Analytical\/operational cookies:<\/strong> These cookies help us understand how visitors use our website, which allows us to improve the website's performance.<\/li>\n<li><strong>Functional cookies:<\/strong> These cookies allow our website to remember your choices (such as your username, language or region) and provide improved and more personal features.<\/li>\n<\/ul>\n<p><strong>4. How We Use Cookies<\/strong><\/p>\n<p>We use cookies for:<\/p>\n<ul>\n<li>improving the functionality of the website,<\/li>\n<li>website usage analysis, which helps us improve your experience,<\/li>\n<li>remembering your preferences and settings,<\/li>\n<li>providing relevant content and advertisements.<\/li>\n<\/ul>\n<p><strong>5. Management of Cookies<\/strong><\/p>\n<p>Most web browsers allow you to control cookies through the browser settings. To find out more about cookies, including how to see which cookies have been set, visit <a href=\"http:\/\/www.aboutcookies.org\/\" target=\"_new\" rel=\"noreferrer\">www.aboutcookies.org<\/a> or <a href=\"http:\/\/www.allaboutcookies.org\/\" target=\"_new\" rel=\"noreferrer\">www.allaboutcookies.org<\/a>.<\/p>\n<p><strong>6. Cookies of Third Parties<\/strong><\/p>\n<p>In some cases, we use cookies provided by third parties, such as Google Analytics, to analyze the use of our website. These third party cookies are outside our control and are subject to their own cookie policies.<\/p>\n<p><strong>7. Changes to This Policy<\/strong><\/p>\n<p>We may update this cookie policy from time to time to reflect changes in our use of cookies. We will inform you about all significant changes with a notice on our website.<\/p>\n<p><strong>8. Contact<\/strong><\/p>\n<p>If you have any questions or comments regarding this cookie policy, please contact us at:<\/p>\n<p>Snajper Shooting Club<br \/>Kotnikova Street 5<br \/>1000 Ljubljana<br \/>Slovenia<br \/>E-Mail: info@sd-snajper.si<\/p>\n<p><strong>Last updated: May 29, 2024<\/strong><\/p>\n<p><\/p>\t\t\t\t\t\t\t\t<\/div>\n\t\t\t\t<\/div>\n\t\t\t\t\t<\/div>\n\t\t\t\t<\/div>\n\t\t\t\t<\/div>","protected":false},"excerpt":{"rendered":"<p>POLITIKA PI\u0160KOTKOV \u2013 Skladnost poslovanja z zakonodajo \u2013 Politika pi\u0161kotkov 1. Uvod Ta politika pi\u0161kotkov pojasnjuje, kako Strelsko dru\u0161tvo Snajper (&#8220;mi&#8221;, &#8220;nas&#8221;, &#8220;na\u0161&#8221;) uporablja pi\u0161kotke in podobne tehnologije na na\u0161i spletni strani www.sd-snajper.si (&#8220;spletna stran&#8221;). Z uporabo na\u0161e spletne strani se strinjate z uporabo pi\u0161kotkov, kot je opisano v tej politiki. 2. Kaj so pi\u0161kotki? Pi\u0161kotki so majhne besedilne datoteke, ki se prenesejo na va\u0161o napravo, ko obi\u0161\u010dete spletno stran. Pi\u0161kotki pomagajo spletni strani prepoznati va\u0161o napravo in si zapomniti dolo\u010dene informacije o va\u0161ih obiskih. 3. Vrste Pi\u0161kotkov, ki jih Uporabljamo Nujno potrebni pi\u0161kotki: Ti pi\u0161kotki so klju\u010dni za delovanje na\u0161e spletne strani in vam omogo\u010dajo premikanje po spletni strani ter uporabo njenih funkcij. Analiti\u010dni\/pi\u0161kotki za delovanje: Ti pi\u0161kotki nam pomagajo razumeti, kako obiskovalci uporabljajo na\u0161o spletno stran, kar nam omogo\u010da izbolj\u0161anje delovanja spletne strani. Funkcionalni pi\u0161kotki: Ti pi\u0161kotki omogo\u010dajo na\u0161i spletni strani, da si zapomni va\u0161e izbire (kot je va\u0161e uporabni\u0161ko ime, jezik ali regija) ter zagotavlja izbolj\u0161ane in bolj osebne funkcije. 4. Kako Uporabljamo Pi\u0161kotke Pi\u0161kotke uporabljamo za: izbolj\u0161anje funkcionalnosti spletne strani, analizo uporabe spletne strani, kar nam pomaga izbolj\u0161ati va\u0161e izku\u0161nje, pomnjenje va\u0161ih preferenc in nastavitev, zagotavljanje ustreznih vsebin in oglasov. 5. Upravljanje Pi\u0161kotkov Ve\u010dina spletnih brskalnikov vam omogo\u010da nadzor nad pi\u0161kotki preko nastavitev brskalnika. \u010ce \u017eelite izvedeti ve\u010d o pi\u0161kotkih, vklju\u010dno s tem, kako videti, kateri pi\u0161kotki so bili nastavljeni, obi\u0161\u010dite www.aboutcookies.org ali www.allaboutcookies.org. 6. Pi\u0161kotki Tretjih Oseb V nekaterih primerih uporabljamo pi\u0161kotke, ki jih zagotavljajo tretje osebe, kot so Google Analytics, za analizo uporabe na\u0161e spletne strani. Ti pi\u0161kotki tretjih oseb so izven na\u0161ega nadzora in so predmet njihovih lastnih politik pi\u0161kotkov. 7. Spremembe Te Politike To politiko pi\u0161kotkov lahko ob\u010dasno posodobimo, da odra\u017ea spremembe v na\u0161i uporabi pi\u0161kotkov. O vseh bistvenih spremembah bomo obve\u0161\u010dali z obvestilom na na\u0161i spletni strani. 8. Kontakt \u010ce imate kakr\u0161nakoli vpra\u0161anja ali pripombe glede te politike pi\u0161kotkov, nas kontaktirajte na: Strelsko dru\u0161tvo SnajperKotnikova ulica 51000 LjubljanaSlovenijaEmail: info@sd-snajper.si Datum zadnje posodobitve: 29. maj 2024<\/p>","protected":false},"author":1,"featured_media":0,"parent":0,"menu_order":0,"comment_status":"closed","ping_status":"open","template":"","meta":{"ocean_post_layout":"","ocean_both_sidebars_style":"","ocean_both_sidebars_content_width":0,"ocean_both_sidebars_sidebars_width":0,"ocean_sidebar":"","ocean_second_sidebar":"","ocean_disable_margins":"enable","ocean_add_body_class":"","ocean_shortcode_before_top_bar":"","ocean_shortcode_after_top_bar":"","ocean_shortcode_before_header":"","ocean_shortcode_after_header":"","ocean_has_shortcode":"","ocean_shortcode_after_title":"","ocean_shortcode_before_footer_widgets":"","ocean_shortcode_after_footer_widgets":"","ocean_shortcode_before_footer_bottom":"","ocean_shortcode_after_footer_bottom":"","ocean_display_top_bar":"default","ocean_display_header":"default","ocean_header_style":"","ocean_center_header_left_menu":"","ocean_custom_header_template":"","ocean_custom_logo":0,"ocean_custom_retina_logo":0,"ocean_custom_logo_max_width":0,"ocean_custom_logo_tablet_max_width":0,"ocean_custom_logo_mobile_max_width":0,"ocean_custom_logo_max_height":0,"ocean_custom_logo_tablet_max_height":0,"ocean_custom_logo_mobile_max_height":0,"ocean_header_custom_menu":"","ocean_menu_typo_font_family":"","ocean_menu_typo_font_subset":"","ocean_menu_typo_font_size":0,"ocean_menu_typo_font_size_tablet":0,"ocean_menu_typo_font_size_mobile":0,"ocean_menu_typo_font_size_unit":"px","ocean_menu_typo_font_weight":"","ocean_menu_typo_font_weight_tablet":"","ocean_menu_typo_font_weight_mobile":"","ocean_menu_typo_transform":"","ocean_menu_typo_transform_tablet":"","ocean_menu_typo_transform_mobile":"","ocean_menu_typo_line_height":0,"ocean_menu_typo_line_height_tablet":0,"ocean_menu_typo_line_height_mobile":0,"ocean_menu_typo_line_height_unit":"","ocean_menu_typo_spacing":0,"ocean_menu_typo_spacing_tablet":0,"ocean_menu_typo_spacing_mobile":0,"ocean_menu_typo_spacing_unit":"","ocean_menu_link_color":"","ocean_menu_link_color_hover":"","ocean_menu_link_color_active":"","ocean_menu_link_background":"","ocean_menu_link_hover_background":"","ocean_menu_link_active_background":"","ocean_menu_social_links_bg":"","ocean_menu_social_hover_links_bg":"","ocean_menu_social_links_color":"","ocean_menu_social_hover_links_color":"","ocean_disable_title":"on","ocean_disable_heading":"default","ocean_post_title":"","ocean_post_subheading":"","ocean_post_title_style":"","ocean_post_title_background_color":"","ocean_post_title_background":0,"ocean_post_title_bg_image_position":"","ocean_post_title_bg_image_attachment":"","ocean_post_title_bg_image_repeat":"","ocean_post_title_bg_image_size":"","ocean_post_title_height":0,"ocean_post_title_bg_overlay":0.5,"ocean_post_title_bg_overlay_color":"","ocean_disable_breadcrumbs":"off","ocean_breadcrumbs_color":"","ocean_breadcrumbs_separator_color":"","ocean_breadcrumbs_links_color":"","ocean_breadcrumbs_links_hover_color":"","ocean_display_footer_widgets":"default","ocean_display_footer_bottom":"default","ocean_custom_footer_template":"","footnotes":""},"class_list":["post-3","page","type-page","status-publish","hentry","entry"],"yoast_head":"<!-- This site is optimized with the Yoast SEO plugin v27.4 - https:\/\/yoast.com\/product\/yoast-seo-wordpress\/ -->\n<title>Politika pi\u0161kotkov - SD Snajper<\/title>\n<meta name=\"robots\" content=\"index, follow, max-snippet:-1, max-image-preview:large, max-video-preview:-1\" \/>\n<link rel=\"canonical\" href=\"https:\/\/sd-snajper.si\/en\/cookie-policy\/\" \/>\n<meta property=\"og:locale\" content=\"en_US\" \/>\n<meta property=\"og:type\" content=\"article\" \/>\n<meta property=\"og:title\" content=\"Politika pi\u0161kotkov - SD Snajper\" \/>\n<meta property=\"og:description\" content=\"POLITIKA PI\u0160KOTKOV \u2013 Skladnost poslovanja z zakonodajo \u2013 Politika pi\u0161kotkov 1. Uvod Ta politika pi\u0161kotkov pojasnjuje, kako Strelsko dru\u0161tvo Snajper (&#8220;mi&#8221;, &#8220;nas&#8221;, &#8220;na\u0161&#8221;) uporablja pi\u0161kotke in podobne tehnologije na na\u0161i spletni strani www.sd-snajper.si (&#8220;spletna stran&#8221;). Z uporabo na\u0161e spletne strani se strinjate z uporabo pi\u0161kotkov, kot je opisano v tej politiki. 2. Kaj so pi\u0161kotki? Pi\u0161kotki so majhne besedilne datoteke, ki se prenesejo na va\u0161o napravo, ko obi\u0161\u010dete spletno stran. Pi\u0161kotki pomagajo spletni strani prepoznati va\u0161o napravo in si zapomniti dolo\u010dene informacije o va\u0161ih obiskih. 3. Vrste Pi\u0161kotkov, ki jih Uporabljamo Nujno potrebni pi\u0161kotki: Ti pi\u0161kotki so klju\u010dni za delovanje na\u0161e spletne strani in vam omogo\u010dajo premikanje po spletni strani ter uporabo njenih funkcij. Analiti\u010dni\/pi\u0161kotki za delovanje: Ti pi\u0161kotki nam pomagajo razumeti, kako obiskovalci uporabljajo na\u0161o spletno stran, kar nam omogo\u010da izbolj\u0161anje delovanja spletne strani. Funkcionalni pi\u0161kotki: Ti pi\u0161kotki omogo\u010dajo na\u0161i spletni strani, da si zapomni va\u0161e izbire (kot je va\u0161e uporabni\u0161ko ime, jezik ali regija) ter zagotavlja izbolj\u0161ane in bolj osebne funkcije. 4. Kako Uporabljamo Pi\u0161kotke Pi\u0161kotke uporabljamo za: izbolj\u0161anje funkcionalnosti spletne strani, analizo uporabe spletne strani, kar nam pomaga izbolj\u0161ati va\u0161e izku\u0161nje, pomnjenje va\u0161ih preferenc in nastavitev, zagotavljanje ustreznih vsebin in oglasov. 5. Upravljanje Pi\u0161kotkov Ve\u010dina spletnih brskalnikov vam omogo\u010da nadzor nad pi\u0161kotki preko nastavitev brskalnika. \u010ce \u017eelite izvedeti ve\u010d o pi\u0161kotkih, vklju\u010dno s tem, kako videti, kateri pi\u0161kotki so bili nastavljeni, obi\u0161\u010dite www.aboutcookies.org ali www.allaboutcookies.org. 6. Pi\u0161kotki Tretjih Oseb V nekaterih primerih uporabljamo pi\u0161kotke, ki jih zagotavljajo tretje osebe, kot so Google Analytics, za analizo uporabe na\u0161e spletne strani. Ti pi\u0161kotki tretjih oseb so izven na\u0161ega nadzora in so predmet njihovih lastnih politik pi\u0161kotkov. 7. Spremembe Te Politike To politiko pi\u0161kotkov lahko ob\u010dasno posodobimo, da odra\u017ea spremembe v na\u0161i uporabi pi\u0161kotkov. O vseh bistvenih spremembah bomo obve\u0161\u010dali z obvestilom na na\u0161i spletni strani. 8. Kontakt \u010ce imate kakr\u0161nakoli vpra\u0161anja ali pripombe glede te politike pi\u0161kotkov, nas kontaktirajte na: Strelsko dru\u0161tvo SnajperKotnikova ulica 51000 LjubljanaSlovenijaEmail: info@sd-snajper.si Datum zadnje posodobitve: 29. maj 2024\" \/>\n<meta property=\"og:url\" content=\"https:\/\/sd-snajper.si\/en\/cookie-policy\/\" \/>\n<meta property=\"og:site_name\" content=\"SD Snajper\" \/>\n<meta property=\"article:publisher\" content=\"https:\/\/www.facebook.com\/groups\/snajper\" \/>\n<meta property=\"article:modified_time\" content=\"2024-05-30T14:47:16+00:00\" \/>\n<meta name=\"twitter:card\" content=\"summary_large_image\" \/>\n<meta name=\"twitter:label1\" content=\"Est. reading time\" \/>\n\t<meta name=\"twitter:data1\" content=\"2 minutes\" \/>\n<script type=\"application\/ld+json\" class=\"yoast-schema-graph\">{\"@context\":\"https:\\\/\\\/schema.org\",\"@graph\":[{\"@type\":\"WebPage\",\"@id\":\"https:\\\/\\\/sd-snajper.si\\\/cookie-policy\\\/\",\"url\":\"https:\\\/\\\/sd-snajper.si\\\/cookie-policy\\\/\",\"name\":\"Politika pi\u0161kotkov - SD Snajper\",\"isPartOf\":{\"@id\":\"https:\\\/\\\/sd-snajper.si\\\/#website\"},\"datePublished\":\"2024-04-12T13:22:49+00:00\",\"dateModified\":\"2024-05-30T14:47:16+00:00\",\"breadcrumb\":{\"@id\":\"https:\\\/\\\/sd-snajper.si\\\/cookie-policy\\\/#breadcrumb\"},\"inLanguage\":\"en-US\",\"potentialAction\":[{\"@type\":\"ReadAction\",\"target\":[\"https:\\\/\\\/sd-snajper.si\\\/cookie-policy\\\/\"]}]},{\"@type\":\"BreadcrumbList\",\"@id\":\"https:\\\/\\\/sd-snajper.si\\\/cookie-policy\\\/#breadcrumb\",\"itemListElement\":[{\"@type\":\"ListItem\",\"position\":1,\"name\":\"Home\",\"item\":\"https:\\\/\\\/sd-snajper.si\\\/\"},{\"@type\":\"ListItem\",\"position\":2,\"name\":\"Politika pi\u0161kotkov\"}]},{\"@type\":\"WebSite\",\"@id\":\"https:\\\/\\\/sd-snajper.si\\\/#website\",\"url\":\"https:\\\/\\\/sd-snajper.si\\\/\",\"name\":\"SD Snajper\",\"description\":\"Strelsko dru\u0161tvo Snajper zdru\u017euje ljubitelje streljanja z ognjenim oro\u017ejem\",\"publisher\":{\"@id\":\"https:\\\/\\\/sd-snajper.si\\\/#organization\"},\"potentialAction\":[{\"@type\":\"SearchAction\",\"target\":{\"@type\":\"EntryPoint\",\"urlTemplate\":\"https:\\\/\\\/sd-snajper.si\\\/?s={search_term_string}\"},\"query-input\":{\"@type\":\"PropertyValueSpecification\",\"valueRequired\":true,\"valueName\":\"search_term_string\"}}],\"inLanguage\":\"en-US\"},{\"@type\":\"Organization\",\"@id\":\"https:\\\/\\\/sd-snajper.si\\\/#organization\",\"name\":\"Strelsko dru\u0161tvo Snajper\",\"alternateName\":\"SD Snajper\",\"url\":\"https:\\\/\\\/sd-snajper.si\\\/\",\"logo\":{\"@type\":\"ImageObject\",\"inLanguage\":\"en-US\",\"@id\":\"https:\\\/\\\/sd-snajper.si\\\/#\\\/schema\\\/logo\\\/image\\\/\",\"url\":\"https:\\\/\\\/sd-snajper.si\\\/wp-content\\\/uploads\\\/2024\\\/07\\\/Snajper-512-logo.png\",\"contentUrl\":\"https:\\\/\\\/sd-snajper.si\\\/wp-content\\\/uploads\\\/2024\\\/07\\\/Snajper-512-logo.png\",\"width\":512,\"height\":512,\"caption\":\"Strelsko dru\u0161tvo Snajper\"},\"image\":{\"@id\":\"https:\\\/\\\/sd-snajper.si\\\/#\\\/schema\\\/logo\\\/image\\\/\"},\"sameAs\":[\"https:\\\/\\\/www.facebook.com\\\/groups\\\/snajper\",\"https:\\\/\\\/www.instagram.com\\\/snajper_23\"]}]}<\/script>\n<!-- \/ Yoast SEO plugin. -->","yoast_head_json":{"title":"Politika pi\u0161kotkov - SD Snajper","robots":{"index":"index","follow":"follow","max-snippet":"max-snippet:-1","max-image-preview":"max-image-preview:large","max-video-preview":"max-video-preview:-1"},"canonical":"https:\/\/sd-snajper.si\/en\/cookie-policy\/","og_locale":"en_US","og_type":"article","og_title":"Politika pi\u0161kotkov - SD Snajper","og_description":"POLITIKA PI\u0160KOTKOV \u2013 Skladnost poslovanja z zakonodajo \u2013 Politika pi\u0161kotkov 1. Uvod Ta politika pi\u0161kotkov pojasnjuje, kako Strelsko dru\u0161tvo Snajper (&#8220;mi&#8221;, &#8220;nas&#8221;, &#8220;na\u0161&#8221;) uporablja pi\u0161kotke in podobne tehnologije na na\u0161i spletni strani www.sd-snajper.si (&#8220;spletna stran&#8221;). Z uporabo na\u0161e spletne strani se strinjate z uporabo pi\u0161kotkov, kot je opisano v tej politiki. 2. Kaj so pi\u0161kotki? Pi\u0161kotki so majhne besedilne datoteke, ki se prenesejo na va\u0161o napravo, ko obi\u0161\u010dete spletno stran. Pi\u0161kotki pomagajo spletni strani prepoznati va\u0161o napravo in si zapomniti dolo\u010dene informacije o va\u0161ih obiskih. 3. Vrste Pi\u0161kotkov, ki jih Uporabljamo Nujno potrebni pi\u0161kotki: Ti pi\u0161kotki so klju\u010dni za delovanje na\u0161e spletne strani in vam omogo\u010dajo premikanje po spletni strani ter uporabo njenih funkcij. Analiti\u010dni\/pi\u0161kotki za delovanje: Ti pi\u0161kotki nam pomagajo razumeti, kako obiskovalci uporabljajo na\u0161o spletno stran, kar nam omogo\u010da izbolj\u0161anje delovanja spletne strani. Funkcionalni pi\u0161kotki: Ti pi\u0161kotki omogo\u010dajo na\u0161i spletni strani, da si zapomni va\u0161e izbire (kot je va\u0161e uporabni\u0161ko ime, jezik ali regija) ter zagotavlja izbolj\u0161ane in bolj osebne funkcije. 4. Kako Uporabljamo Pi\u0161kotke Pi\u0161kotke uporabljamo za: izbolj\u0161anje funkcionalnosti spletne strani, analizo uporabe spletne strani, kar nam pomaga izbolj\u0161ati va\u0161e izku\u0161nje, pomnjenje va\u0161ih preferenc in nastavitev, zagotavljanje ustreznih vsebin in oglasov. 5. Upravljanje Pi\u0161kotkov Ve\u010dina spletnih brskalnikov vam omogo\u010da nadzor nad pi\u0161kotki preko nastavitev brskalnika. \u010ce \u017eelite izvedeti ve\u010d o pi\u0161kotkih, vklju\u010dno s tem, kako videti, kateri pi\u0161kotki so bili nastavljeni, obi\u0161\u010dite www.aboutcookies.org ali www.allaboutcookies.org. 6. Pi\u0161kotki Tretjih Oseb V nekaterih primerih uporabljamo pi\u0161kotke, ki jih zagotavljajo tretje osebe, kot so Google Analytics, za analizo uporabe na\u0161e spletne strani. Ti pi\u0161kotki tretjih oseb so izven na\u0161ega nadzora in so predmet njihovih lastnih politik pi\u0161kotkov. 7. Spremembe Te Politike To politiko pi\u0161kotkov lahko ob\u010dasno posodobimo, da odra\u017ea spremembe v na\u0161i uporabi pi\u0161kotkov. O vseh bistvenih spremembah bomo obve\u0161\u010dali z obvestilom na na\u0161i spletni strani. 8. Kontakt \u010ce imate kakr\u0161nakoli vpra\u0161anja ali pripombe glede te politike pi\u0161kotkov, nas kontaktirajte na: Strelsko dru\u0161tvo SnajperKotnikova ulica 51000 LjubljanaSlovenijaEmail: info@sd-snajper.si Datum zadnje posodobitve: 29. maj 2024","og_url":"https:\/\/sd-snajper.si\/en\/cookie-policy\/","og_site_name":"SD Snajper","article_publisher":"https:\/\/www.facebook.com\/groups\/snajper","article_modified_time":"2024-05-30T14:47:16+00:00","twitter_card":"summary_large_image","twitter_misc":{"Est. reading time":"2 minutes"},"schema":{"@context":"https:\/\/schema.org","@graph":[{"@type":"WebPage","@id":"https:\/\/sd-snajper.si\/cookie-policy\/","url":"https:\/\/sd-snajper.si\/cookie-policy\/","name":"Politika pi\u0161kotkov - SD Snajper","isPartOf":{"@id":"https:\/\/sd-snajper.si\/#website"},"datePublished":"2024-04-12T13:22:49+00:00","dateModified":"2024-05-30T14:47:16+00:00","breadcrumb":{"@id":"https:\/\/sd-snajper.si\/cookie-policy\/#breadcrumb"},"inLanguage":"en-US","potentialAction":[{"@type":"ReadAction","target":["https:\/\/sd-snajper.si\/cookie-policy\/"]}]},{"@type":"BreadcrumbList","@id":"https:\/\/sd-snajper.si\/cookie-policy\/#breadcrumb","itemListElement":[{"@type":"ListItem","position":1,"name":"Home","item":"https:\/\/sd-snajper.si\/"},{"@type":"ListItem","position":2,"name":"Politika pi\u0161kotkov"}]},{"@type":"WebSite","@id":"https:\/\/sd-snajper.si\/#website","url":"https:\/\/sd-snajper.si\/","name":"SD Snajper","description":"Strelsko dru\u0161tvo Snajper zdru\u017euje ljubitelje streljanja z ognjenim oro\u017ejem","publisher":{"@id":"https:\/\/sd-snajper.si\/#organization"},"potentialAction":[{"@type":"SearchAction","target":{"@type":"EntryPoint","urlTemplate":"https:\/\/sd-snajper.si\/?s={search_term_string}"},"query-input":{"@type":"PropertyValueSpecification","valueRequired":true,"valueName":"search_term_string"}}],"inLanguage":"en-US"},{"@type":"Organization","@id":"https:\/\/sd-snajper.si\/#organization","name":"Snajper Shooting Club","alternateName":"SD Snajper","url":"https:\/\/sd-snajper.si\/","logo":{"@type":"ImageObject","inLanguage":"en-US","@id":"https:\/\/sd-snajper.si\/#\/schema\/logo\/image\/","url":"https:\/\/sd-snajper.si\/wp-content\/uploads\/2024\/07\/Snajper-512-logo.png","contentUrl":"https:\/\/sd-snajper.si\/wp-content\/uploads\/2024\/07\/Snajper-512-logo.png","width":512,"height":512,"caption":"Strelsko dru\u0161tvo Snajper"},"image":{"@id":"https:\/\/sd-snajper.si\/#\/schema\/logo\/image\/"},"sameAs":["https:\/\/www.facebook.com\/groups\/snajper","https:\/\/www.instagram.com\/snajper_23"]}]}},"_links":{"self":[{"href":"https:\/\/sd-snajper.si\/en\/wp-json\/wp\/v2\/pages\/3","targetHints":{"allow":["GET"]}}],"collection":[{"href":"https:\/\/sd-snajper.si\/en\/wp-json\/wp\/v2\/pages"}],"about":[{"href":"https:\/\/sd-snajper.si\/en\/wp-json\/wp\/v2\/types\/page"}],"author":[{"embeddable":true,"href":"https:\/\/sd-snajper.si\/en\/wp-json\/wp\/v2\/users\/1"}],"replies":[{"embeddable":true,"href":"https:\/\/sd-snajper.si\/en\/wp-json\/wp\/v2\/comments?post=3"}],"version-history":[{"count":1,"href":"https:\/\/sd-snajper.si\/en\/wp-json\/wp\/v2\/pages\/3\/revisions"}],"predecessor-version":[{"id":1112,"href":"https:\/\/sd-snajper.si\/en\/wp-json\/wp\/v2\/pages\/3\/revisions\/1112"}],"wp:attachment":[{"href":"https:\/\/sd-snajper.si\/en\/wp-json\/wp\/v2\/media?parent=3"}],"curies":[{"name":"wp","href":"https:\/\/api.w.org\/{rel}","templated":true}]}}