{"id":609,"date":"2024-05-28T12:16:24","date_gmt":"2024-05-28T10:16:24","guid":{"rendered":"https:\/\/sd-snajper.si\/?page_id=609"},"modified":"2024-09-23T11:40:07","modified_gmt":"2024-09-23T09:40:07","slug":"kontakt","status":"publish","type":"page","link":"https:\/\/sd-snajper.si\/en\/kontakt\/","title":{"rendered":"Contact"},"content":{"rendered":"\t\t<div data-elementor-type=\"wp-page\" data-elementor-id=\"609\" class=\"elementor elementor-609\">\n\t\t\t\t<div class=\"elementor-element elementor-element-07a5153 e-flex e-con-boxed wpr-particle-no wpr-jarallax-no wpr-parallax-no wpr-sticky-section-no wpr-equal-height-no e-con e-parent\" data-id=\"07a5153\" data-element_type=\"container\" data-e-type=\"container\" data-settings=\"{&quot;background_background&quot;:&quot;gradient&quot;}\">\n\t\t\t\t\t<div class=\"e-con-inner\">\n\t\t<div class=\"elementor-element elementor-element-5375068 e-con-full e-flex wpr-particle-no wpr-jarallax-no wpr-parallax-no wpr-sticky-section-no wpr-equal-height-no e-con e-child\" data-id=\"5375068\" data-element_type=\"container\" data-e-type=\"container\">\n\t\t\t\t<div class=\"elementor-element elementor-element-956ecd8 elementor-widget elementor-widget-elementskit-heading\" data-id=\"956ecd8\" data-element_type=\"widget\" data-e-type=\"widget\" data-widget_type=\"elementskit-heading.default\">\n\t\t\t\t<div class=\"elementor-widget-container\">\n\t\t\t\t\t<div class=\"ekit-wid-con\" ><div class=\"ekit-heading elementskit-section-title-wraper text_center   ekit_heading_tablet-   ekit_heading_mobile-\"><h2 class=\"ekit-heading--title elementskit-section-title \">KONTAKT<\/h2><h3 class=\"ekit-heading--subtitle elementskit-section-subtitle  \">\n\t\t\t\t\t\t\u2013 Ve\u010d informacij in pomo\u010d pri vpra\u0161anjih \u2013\n\t\t\t\t\t<\/h3><\/div><\/div>\t\t\t\t<\/div>\n\t\t\t\t<\/div>\n\t\t\t\t<\/div>\n\t\t\t\t\t<\/div>\n\t\t\t\t<\/div>\n\t\t<div class=\"elementor-element elementor-element-b8f8314 e-flex e-con-boxed wpr-particle-no wpr-jarallax-no wpr-parallax-no wpr-sticky-section-no wpr-equal-height-no e-con e-parent\" data-id=\"b8f8314\" data-element_type=\"container\" data-e-type=\"container\" data-settings=\"{&quot;background_background&quot;:&quot;classic&quot;,&quot;shape_divider_bottom&quot;:&quot;tilt&quot;}\">\n\t\t\t\t\t<div class=\"e-con-inner\">\n\t\t\t\t<div class=\"elementor-shape elementor-shape-bottom\" aria-hidden=\"true\" data-negative=\"false\">\n\t\t\t<svg xmlns=\"http:\/\/www.w3.org\/2000\/svg\" viewBox=\"0 0 1000 100\" preserveAspectRatio=\"none\">\n\t<path class=\"elementor-shape-fill\" d=\"M0,6V0h1000v100L0,6z\"\/>\n<\/svg>\t\t<\/div>\n\t\t<div class=\"elementor-element elementor-element-901e7cf e-con-full e-flex wpr-particle-no wpr-jarallax-no wpr-parallax-no wpr-sticky-section-no wpr-equal-height-no e-con e-child\" data-id=\"901e7cf\" data-element_type=\"container\" data-e-type=\"container\">\n\t\t\t\t<div class=\"elementor-element elementor-element-14abe51 elementor-widget elementor-widget-heading\" data-id=\"14abe51\" data-element_type=\"widget\" data-e-type=\"widget\" data-widget_type=\"heading.default\">\n\t\t\t\t<div class=\"elementor-widget-container\">\n\t\t\t\t\t<h2 class=\"elementor-heading-title elementor-size-default\">Imate vpra\u0161anje? Pi\u0161ite nam!<\/h2>\t\t\t\t<\/div>\n\t\t\t\t<\/div>\n\t\t\t\t<\/div>\n\t\t<div class=\"elementor-element elementor-element-c312b6a e-con-full e-flex wpr-particle-no wpr-jarallax-no wpr-parallax-no wpr-sticky-section-no wpr-equal-height-no e-con e-child\" data-id=\"c312b6a\" data-element_type=\"container\" data-e-type=\"container\">\n\t\t\t\t<div class=\"elementor-element elementor-element-5a20036 wpr-step-type-number_text wpr-step-content-layout-vertical wpr-custom-styles-yes elementor-widget elementor-widget-wpr-form-builder\" data-id=\"5a20036\" data-element_type=\"widget\" data-e-type=\"widget\" data-settings=\"{&quot;success_message&quot;:&quot;Sporo\\u010dilo poslano&quot;,&quot;error_message&quot;:&quot;Sporo\\u010dilo ni poslano&quot;,&quot;button_width&quot;:{&quot;unit&quot;:&quot;%&quot;,&quot;size&quot;:100,&quot;sizes&quot;:[]},&quot;button_width_tablet&quot;:{&quot;unit&quot;:&quot;px&quot;,&quot;size&quot;:&quot;&quot;,&quot;sizes&quot;:[]},&quot;button_width_mobile&quot;:{&quot;unit&quot;:&quot;px&quot;,&quot;size&quot;:&quot;&quot;,&quot;sizes&quot;:[]},&quot;step_type&quot;:&quot;number_text&quot;,&quot;step_content_layout&quot;:&quot;vertical&quot;}\" data-widget_type=\"wpr-form-builder.default\">\n\t\t\t\t<div class=\"elementor-widget-container\">\n\t\t\t\t\t\t\t<form class=\"wpr-form\" method=\"post\" name=\"Contact-Form-SDSnajper\" page=\"Kontakt\" page_id=\"609\" novalidate>\n\t\t\t<input type=\"hidden\" name=\"post_id\" value=\"609\"\/>\n\t\t\t<input type=\"hidden\" name=\"form_id\" value=\"5a20036\"\/>\n\t\t\t<input type=\"hidden\" name=\"referer_title\" value=\"SD Snajper\" \/>\n\n\t\t\t<div class=\"wpr-step-wrap\"><\/div>\n\t\t\t<div class=\"wpr-form-fields-wrap wpr-labels-above\">\n\t\t\t\t\t\t\t\t\t<div class=\"wpr-form-field-type-text wpr-field-group wpr-column wpr-field-group-name elementor-repeater-item-cd0a2bd\">\n\t\t\t\t\t\t\t\t\t\t\t\t\t\t<label for=\"form-field-name\" class=\"wpr-form-field-label\" data-alt-label=\"Po\u0161iljatelj\">\n\t\t\t\t\t\t\t\t\tPo\u0161iljatelj\t\t\t\t\t\t\t\t<\/label>\n\t\t\t\t\t\t\t<input size=\"1 \"type=\"text\" name=\"form_fields[name]\" id=\"form-field-name\" class=\"wpr-form-field  wpr-form-field-textual\" placeholder=\"Va\u0161e ime in priimek\">\t\t\t\t\t<\/div>\n\t\t\t\t\t\t\t\t\t<div class=\"wpr-form-field-type-email wpr-field-group wpr-column wpr-field-group-email elementor-repeater-item-a181535 wpr-form-field-required wpr-required-mark\">\n\t\t\t\t\t\t\t\t\t\t\t\t\t\t<label for=\"form-field-email\" class=\"wpr-form-field-label\" data-alt-label=\"E-po\u0161ta\">\n\t\t\t\t\t\t\t\t\tE-po\u0161ta\t\t\t\t\t\t\t\t<\/label>\n\t\t\t\t\t\t\t<input size=\"1 \"type=\"email\" name=\"form_fields[email]\" id=\"form-field-email\" class=\"wpr-form-field  wpr-form-field-textual\" placeholder=\"Va\u0161 e-po\u0161tni naslov\" required=\"required\" aria-required=\"true\">\t\t\t\t\t<\/div>\n\t\t\t\t\t\t\t\t\t<div class=\"wpr-form-field-type-textarea wpr-field-group wpr-column wpr-field-group-message elementor-repeater-item-de12676\">\n\t\t\t\t\t\t\t\t\t\t\t\t\t\t<label for=\"form-field-message\" class=\"wpr-form-field-label\" data-alt-label=\"Sporo\u010dilo\">\n\t\t\t\t\t\t\t\t\tSporo\u010dilo\t\t\t\t\t\t\t\t<\/label>\n\t\t\t\t\t\t\t<textarea class=\"wpr-form-field-textual wpr-form-field \" name=\"form_fields[message]\" id=\"form-field-message\" rows=\"7\" placeholder=\"Va\u0161e sporo\u010dilo\"><\/textarea>\t\t\t\t\t<\/div>\n\t\t\t\t<div class=\"wpr-field-group wpr-stp-btns-wrap wpr-column wpr-form-field-type-submit\" data-actions=\"[&quot;email&quot;]\" data-redirect-url=\"\" data-mailchimp-fields=\"{&quot;email_field&quot;:&quot;&quot;,&quot;first_name_field&quot;:&quot;&quot;,&quot;last_name_field&quot;:&quot;&quot;,&quot;address_field&quot;:&quot;&quot;,&quot;phone_field&quot;:&quot;&quot;,&quot;birthday_field&quot;:&quot;&quot;,&quot;group_id&quot;:&quot;&quot;}\" data-list-id=\"\">\t\t\t<button type=\"submit\" class=\"wpr-button\">\n\t\t\t\t<span >\n\t\t\t\t\t\t\t\t\t\t\t\t\t\t\t\t<span>Po\u0161lji<\/span>\n\t\t\t\t\t\t\t\t\t\t\t\t\t\t<\/span>\t\n\t\t\t\t<div class=\"wpr-double-bounce wpr-loader-hidden\">\n\t\t\t\t\t<div class=\"wpr-child wpr-double-bounce1\"><\/div>\n\t\t\t\t\t<div class=\"wpr-child wpr-double-bounce2\"><\/div>\n\t\t\t\t<\/div>\n\t\t\t<\/button>\n\t\t<\/div>\t\t\t\t\n\t\t\t<\/div>\n\t\t<\/form>\n\t  \t\t\t\t<\/div>\n\t\t\t\t<\/div>\n\t\t\t\t<div class=\"elementor-element elementor-element-227fc22 elementor-widget elementor-widget-text-editor\" data-id=\"227fc22\" data-element_type=\"widget\" data-e-type=\"widget\" data-widget_type=\"text-editor.default\">\n\t\t\t\t<div class=\"elementor-widget-container\">\n\t\t\t\t\t\t\t\t\t<p>*S po\u0161iljanjem sporo\u010dila se strinjate s pogoji <a href=\"https:\/\/sd-snajper.si\/varstvo-podatkov\/\">Varovanja podatkov<\/a> in <a href=\"https:\/\/sd-snajper.si\/cookie-policy\/\">Politiko pi\u0161kotkov<\/a><\/p>\t\t\t\t\t\t\t\t<\/div>\n\t\t\t\t<\/div>\n\t\t\t\t<\/div>\n\t\t<div class=\"elementor-element elementor-element-bf8f696 e-con-full e-flex wpr-particle-no wpr-jarallax-no wpr-parallax-no wpr-sticky-section-no wpr-equal-height-no e-con e-child\" data-id=\"bf8f696\" data-element_type=\"container\" data-e-type=\"container\">\n\t\t<div class=\"elementor-element elementor-element-a480876 e-con-full e-flex wpr-particle-no wpr-jarallax-no wpr-parallax-no wpr-sticky-section-no wpr-equal-height-no e-con e-child\" data-id=\"a480876\" data-element_type=\"container\" data-e-type=\"container\">\n\t\t\t\t<div class=\"elementor-element elementor-element-6e25ae0 wpr-logo-position-center elementor-widget elementor-widget-wpr-logo\" data-id=\"6e25ae0\" data-element_type=\"widget\" data-e-type=\"widget\" data-widget_type=\"wpr-logo.default\">\n\t\t\t\t<div class=\"elementor-widget-container\">\n\t\t\t\t\t\t\t\t\n\t\t\t<div class=\"wpr-logo elementor-clearfix\">\n\n\t\t\t\t\t\t\t\t<picture class=\"wpr-logo-image\">\n\t\t\t\t\t\n\t\t\t\t\t\t\t\t\t\t\n\t\t\t\t\t<img decoding=\"async\" src=\"https:\/\/sd-snajper.si\/wp-content\/uploads\/2024\/04\/SD-Snajper-favicon.png\" alt=\"\">\n\n\t\t\t\t\t\t\t\t\t\t\t<a class=\"wpr-logo-url\" rel=\"home\" aria-label=\"\" href=\"https:\/\/sd-snajper.si\/en\/\"><\/a>\n\t\t\t\t\t\t\t\t\t<\/picture>\n\t\t\t\t\n\t\t\t\t\n\t\t\t\t\t\t\t\t\t<a class=\"wpr-logo-url\" rel=\"home\" aria-label=\"\" href=\"https:\/\/sd-snajper.si\/en\/\"><\/a>\n\t\t\t\t\n\t\t\t<\/div>\n\t\t\t\t\n\t\t\t\t\t\t<\/div>\n\t\t\t\t<\/div>\n\t\t\t\t<div class=\"elementor-element elementor-element-2cb6e63 elementor-widget elementor-widget-text-editor\" data-id=\"2cb6e63\" data-element_type=\"widget\" data-e-type=\"widget\" data-widget_type=\"text-editor.default\">\n\t\t\t\t<div class=\"elementor-widget-container\">\n\t\t\t\t\t\t\t\t\t<p>Strelsko dru\u0161tvo Snajper<br \/>Kotnikova ulica 5<br \/>1000 Ljubljana<\/p><p>info@sd-snajper.si<\/p><p>Mati\u010dna \u0161tevilka:\u00a02711214000<br \/>Dav\u010dna \u0161tevilka:\u00a020781008<\/p>\t\t\t\t\t\t\t\t<\/div>\n\t\t\t\t<\/div>\n\t\t\t\t<div class=\"elementor-element elementor-element-bd28140 elementor-widget elementor-widget-elementskit-social-media\" data-id=\"bd28140\" data-element_type=\"widget\" data-e-type=\"widget\" data-widget_type=\"elementskit-social-media.default\">\n\t\t\t\t<div class=\"elementor-widget-container\">\n\t\t\t\t\t<div class=\"ekit-wid-con\" >\t\t\t <ul class=\"ekit_social_media\">\n\t\t\t\t\t\t\t\t\t\t\t\t\t\t<li class=\"elementor-repeater-item-1b879d5\">\n\t\t\t\t\t    <a\n\t\t\t\t\t\thref=\"https:\/\/www.facebook.com\/groups\/snajper\" aria-label=\"Facebook\" class=\"facebook\" >\n\t\t\t\t\t\t\t\n\t\t\t\t\t\t\t<i aria-hidden=\"true\" class=\"icon icon-facebook\"><\/i>\n                                                                                                            <\/a>\n                    <\/li>\n                    \t\t\t\t\t\t\t\t\t\t\t\t\t\t<li class=\"elementor-repeater-item-5de44a9\">\n\t\t\t\t\t    <a\n\t\t\t\t\t\thref=\"https:\/\/www.instagram.com\/snajper_23\" aria-label=\"Instagram\" class=\"instagram\" >\n\t\t\t\t\t\t\t\n\t\t\t\t\t\t\t<svg aria-hidden=\"true\" class=\"e-font-icon-svg e-fab-instagram\" viewBox=\"0 0 448 512\" xmlns=\"http:\/\/www.w3.org\/2000\/svg\"><path d=\"M224.1 141c-63.6 0-114.9 51.3-114.9 114.9s51.3 114.9 114.9 114.9S339 319.5 339 255.9 287.7 141 224.1 141zm0 189.6c-41.1 0-74.7-33.5-74.7-74.7s33.5-74.7 74.7-74.7 74.7 33.5 74.7 74.7-33.6 74.7-74.7 74.7zm146.4-194.3c0 14.9-12 26.8-26.8 26.8-14.9 0-26.8-12-26.8-26.8s12-26.8 26.8-26.8 26.8 12 26.8 26.8zm76.1 27.2c-1.7-35.9-9.9-67.7-36.2-93.9-26.2-26.2-58-34.4-93.9-36.2-37-2.1-147.9-2.1-184.9 0-35.8 1.7-67.6 9.9-93.9 36.1s-34.4 58-36.2 93.9c-2.1 37-2.1 147.9 0 184.9 1.7 35.9 9.9 67.7 36.2 93.9s58 34.4 93.9 36.2c37 2.1 147.9 2.1 184.9 0 35.9-1.7 67.7-9.9 93.9-36.2 26.2-26.2 34.4-58 36.2-93.9 2.1-37 2.1-147.8 0-184.8zM398.8 388c-7.8 19.6-22.9 34.7-42.6 42.6-29.5 11.7-99.5 9-132.1 9s-102.7 2.6-132.1-9c-19.6-7.8-34.7-22.9-42.6-42.6-11.7-29.5-9-99.5-9-132.1s-2.6-102.7 9-132.1c7.8-19.6 22.9-34.7 42.6-42.6 29.5-11.7 99.5-9 132.1-9s102.7-2.6 132.1 9c19.6 7.8 34.7 22.9 42.6 42.6 11.7 29.5 9 99.5 9 132.1s2.7 102.7-9 132.1z\"><\/path><\/svg>\n                                                                                                            <\/a>\n                    <\/li>\n                    \t\t\t\t\t\t\t<\/ul>\n\t\t<\/div>\t\t\t\t<\/div>\n\t\t\t\t<\/div>\n\t\t\t\t<\/div>\n\t\t\t\t<\/div>\n\t\t\t\t\t<\/div>\n\t\t\t\t<\/div>\n\t\t\t\t<\/div>\n\t\t","protected":false},"excerpt":{"rendered":"<p>KONTAKT \u2013 Ve\u010d informacij in pomo\u010d pri vpra\u0161anjih \u2013 Imate vpra\u0161anje? Pi\u0161ite nam! Po\u0161iljatelj E-po\u0161ta Sporo\u010dilo Po\u0161lji *S po\u0161iljanjem sporo\u010dila se strinjate s pogoji Varovanja podatkov in Politiko pi\u0161kotkov Strelsko dru\u0161tvo SnajperKotnikova ulica 51000 Ljubljana info@sd-snajper.si Mati\u010dna \u0161tevilka:\u00a02711214000Dav\u010dna \u0161tevilka:\u00a020781008<\/p>","protected":false},"author":1,"featured_media":0,"parent":0,"menu_order":0,"comment_status":"closed","ping_status":"closed","template":"","meta":{"ocean_post_layout":"","ocean_both_sidebars_style":"","ocean_both_sidebars_content_width":0,"ocean_both_sidebars_sidebars_width":0,"ocean_sidebar":"","ocean_second_sidebar":"","ocean_disable_margins":"enable","ocean_add_body_class":"","ocean_shortcode_before_top_bar":"","ocean_shortcode_after_top_bar":"","ocean_shortcode_before_header":"","ocean_shortcode_after_header":"","ocean_has_shortcode":"","ocean_shortcode_after_title":"","ocean_shortcode_before_footer_widgets":"","ocean_shortcode_after_footer_widgets":"","ocean_shortcode_before_footer_bottom":"","ocean_shortcode_after_footer_bottom":"","ocean_display_top_bar":"default","ocean_display_header":"default","ocean_header_style":"","ocean_center_header_left_menu":"","ocean_custom_header_template":"","ocean_custom_logo":0,"ocean_custom_retina_logo":0,"ocean_custom_logo_max_width":0,"ocean_custom_logo_tablet_max_width":0,"ocean_custom_logo_mobile_max_width":0,"ocean_custom_logo_max_height":0,"ocean_custom_logo_tablet_max_height":0,"ocean_custom_logo_mobile_max_height":0,"ocean_header_custom_menu":"","ocean_menu_typo_font_family":"","ocean_menu_typo_font_subset":"","ocean_menu_typo_font_size":0,"ocean_menu_typo_font_size_tablet":0,"ocean_menu_typo_font_size_mobile":0,"ocean_menu_typo_font_size_unit":"px","ocean_menu_typo_font_weight":"","ocean_menu_typo_font_weight_tablet":"","ocean_menu_typo_font_weight_mobile":"","ocean_menu_typo_transform":"","ocean_menu_typo_transform_tablet":"","ocean_menu_typo_transform_mobile":"","ocean_menu_typo_line_height":0,"ocean_menu_typo_line_height_tablet":0,"ocean_menu_typo_line_height_mobile":0,"ocean_menu_typo_line_height_unit":"","ocean_menu_typo_spacing":0,"ocean_menu_typo_spacing_tablet":0,"ocean_menu_typo_spacing_mobile":0,"ocean_menu_typo_spacing_unit":"","ocean_menu_link_color":"","ocean_menu_link_color_hover":"","ocean_menu_link_color_active":"","ocean_menu_link_background":"","ocean_menu_link_hover_background":"","ocean_menu_link_active_background":"","ocean_menu_social_links_bg":"","ocean_menu_social_hover_links_bg":"","ocean_menu_social_links_color":"","ocean_menu_social_hover_links_color":"","ocean_disable_title":"on","ocean_disable_heading":"default","ocean_post_title":"","ocean_post_subheading":"","ocean_post_title_style":"","ocean_post_title_background_color":"","ocean_post_title_background":0,"ocean_post_title_bg_image_position":"","ocean_post_title_bg_image_attachment":"","ocean_post_title_bg_image_repeat":"","ocean_post_title_bg_image_size":"","ocean_post_title_height":0,"ocean_post_title_bg_overlay":0.5,"ocean_post_title_bg_overlay_color":"","ocean_disable_breadcrumbs":"default","ocean_breadcrumbs_color":"","ocean_breadcrumbs_separator_color":"","ocean_breadcrumbs_links_color":"","ocean_breadcrumbs_links_hover_color":"","ocean_display_footer_widgets":"default","ocean_display_footer_bottom":"default","ocean_custom_footer_template":"","footnotes":""},"class_list":["post-609","page","type-page","status-publish","hentry","entry"],"yoast_head":"<!-- This site is optimized with the Yoast SEO plugin v27.4 - https:\/\/yoast.com\/product\/yoast-seo-wordpress\/ -->\n<title>Kontakt - SD Snajper<\/title>\n<meta name=\"robots\" content=\"index, follow, max-snippet:-1, max-image-preview:large, max-video-preview:-1\" \/>\n<link rel=\"canonical\" href=\"https:\/\/sd-snajper.si\/en\/kontakt\/\" \/>\n<meta property=\"og:locale\" content=\"en_US\" \/>\n<meta property=\"og:type\" content=\"article\" \/>\n<meta property=\"og:title\" content=\"Kontakt - SD Snajper\" \/>\n<meta property=\"og:description\" content=\"KONTAKT \u2013 Ve\u010d informacij in pomo\u010d pri vpra\u0161anjih \u2013 Imate vpra\u0161anje? Pi\u0161ite nam! Po\u0161iljatelj E-po\u0161ta Sporo\u010dilo Po\u0161lji *S po\u0161iljanjem sporo\u010dila se strinjate s pogoji Varovanja podatkov in Politiko pi\u0161kotkov Strelsko dru\u0161tvo SnajperKotnikova ulica 51000 Ljubljana info@sd-snajper.si Mati\u010dna \u0161tevilka:\u00a02711214000Dav\u010dna \u0161tevilka:\u00a020781008\" \/>\n<meta property=\"og:url\" content=\"https:\/\/sd-snajper.si\/en\/kontakt\/\" \/>\n<meta property=\"og:site_name\" content=\"SD Snajper\" \/>\n<meta property=\"article:publisher\" content=\"https:\/\/www.facebook.com\/groups\/snajper\" \/>\n<meta property=\"article:modified_time\" content=\"2024-09-23T09:40:07+00:00\" \/>\n<meta property=\"og:image\" content=\"https:\/\/sd-snajper.si\/wp-content\/uploads\/2024\/04\/SD-Snajper-favicon.png\" \/>\n<meta name=\"twitter:card\" content=\"summary_large_image\" \/>\n<meta name=\"twitter:label1\" content=\"Est. reading time\" \/>\n\t<meta name=\"twitter:data1\" content=\"1 minute\" \/>\n<script type=\"application\/ld+json\" class=\"yoast-schema-graph\">{\"@context\":\"https:\\\/\\\/schema.org\",\"@graph\":[{\"@type\":\"WebPage\",\"@id\":\"https:\\\/\\\/sd-snajper.si\\\/kontakt\\\/\",\"url\":\"https:\\\/\\\/sd-snajper.si\\\/kontakt\\\/\",\"name\":\"Kontakt - SD Snajper\",\"isPartOf\":{\"@id\":\"https:\\\/\\\/sd-snajper.si\\\/#website\"},\"primaryImageOfPage\":{\"@id\":\"https:\\\/\\\/sd-snajper.si\\\/kontakt\\\/#primaryimage\"},\"image\":{\"@id\":\"https:\\\/\\\/sd-snajper.si\\\/kontakt\\\/#primaryimage\"},\"thumbnailUrl\":\"https:\\\/\\\/sd-snajper.si\\\/wp-content\\\/uploads\\\/2024\\\/04\\\/SD-Snajper-favicon.png\",\"datePublished\":\"2024-05-28T10:16:24+00:00\",\"dateModified\":\"2024-09-23T09:40:07+00:00\",\"breadcrumb\":{\"@id\":\"https:\\\/\\\/sd-snajper.si\\\/kontakt\\\/#breadcrumb\"},\"inLanguage\":\"en-US\",\"potentialAction\":[{\"@type\":\"ReadAction\",\"target\":[\"https:\\\/\\\/sd-snajper.si\\\/kontakt\\\/\"]}]},{\"@type\":\"ImageObject\",\"inLanguage\":\"en-US\",\"@id\":\"https:\\\/\\\/sd-snajper.si\\\/kontakt\\\/#primaryimage\",\"url\":\"https:\\\/\\\/sd-snajper.si\\\/wp-content\\\/uploads\\\/2024\\\/04\\\/SD-Snajper-favicon.png\",\"contentUrl\":\"https:\\\/\\\/sd-snajper.si\\\/wp-content\\\/uploads\\\/2024\\\/04\\\/SD-Snajper-favicon.png\"},{\"@type\":\"BreadcrumbList\",\"@id\":\"https:\\\/\\\/sd-snajper.si\\\/kontakt\\\/#breadcrumb\",\"itemListElement\":[{\"@type\":\"ListItem\",\"position\":1,\"name\":\"Home\",\"item\":\"https:\\\/\\\/sd-snajper.si\\\/\"},{\"@type\":\"ListItem\",\"position\":2,\"name\":\"Kontakt\"}]},{\"@type\":\"WebSite\",\"@id\":\"https:\\\/\\\/sd-snajper.si\\\/#website\",\"url\":\"https:\\\/\\\/sd-snajper.si\\\/\",\"name\":\"SD Snajper\",\"description\":\"Strelsko dru\u0161tvo Snajper zdru\u017euje ljubitelje streljanja z ognjenim oro\u017ejem\",\"publisher\":{\"@id\":\"https:\\\/\\\/sd-snajper.si\\\/#organization\"},\"potentialAction\":[{\"@type\":\"SearchAction\",\"target\":{\"@type\":\"EntryPoint\",\"urlTemplate\":\"https:\\\/\\\/sd-snajper.si\\\/?s={search_term_string}\"},\"query-input\":{\"@type\":\"PropertyValueSpecification\",\"valueRequired\":true,\"valueName\":\"search_term_string\"}}],\"inLanguage\":\"en-US\"},{\"@type\":\"Organization\",\"@id\":\"https:\\\/\\\/sd-snajper.si\\\/#organization\",\"name\":\"Strelsko dru\u0161tvo Snajper\",\"alternateName\":\"SD Snajper\",\"url\":\"https:\\\/\\\/sd-snajper.si\\\/\",\"logo\":{\"@type\":\"ImageObject\",\"inLanguage\":\"en-US\",\"@id\":\"https:\\\/\\\/sd-snajper.si\\\/#\\\/schema\\\/logo\\\/image\\\/\",\"url\":\"https:\\\/\\\/sd-snajper.si\\\/wp-content\\\/uploads\\\/2024\\\/07\\\/Snajper-512-logo.png\",\"contentUrl\":\"https:\\\/\\\/sd-snajper.si\\\/wp-content\\\/uploads\\\/2024\\\/07\\\/Snajper-512-logo.png\",\"width\":512,\"height\":512,\"caption\":\"Strelsko dru\u0161tvo Snajper\"},\"image\":{\"@id\":\"https:\\\/\\\/sd-snajper.si\\\/#\\\/schema\\\/logo\\\/image\\\/\"},\"sameAs\":[\"https:\\\/\\\/www.facebook.com\\\/groups\\\/snajper\",\"https:\\\/\\\/www.instagram.com\\\/snajper_23\"]}]}<\/script>\n<!-- \/ Yoast SEO plugin. -->","yoast_head_json":{"title":"Kontakt - SD Snajper","robots":{"index":"index","follow":"follow","max-snippet":"max-snippet:-1","max-image-preview":"max-image-preview:large","max-video-preview":"max-video-preview:-1"},"canonical":"https:\/\/sd-snajper.si\/en\/kontakt\/","og_locale":"en_US","og_type":"article","og_title":"Kontakt - SD Snajper","og_description":"KONTAKT \u2013 Ve\u010d informacij in pomo\u010d pri vpra\u0161anjih \u2013 Imate vpra\u0161anje? Pi\u0161ite nam! Po\u0161iljatelj E-po\u0161ta Sporo\u010dilo Po\u0161lji *S po\u0161iljanjem sporo\u010dila se strinjate s pogoji Varovanja podatkov in Politiko pi\u0161kotkov Strelsko dru\u0161tvo SnajperKotnikova ulica 51000 Ljubljana info@sd-snajper.si Mati\u010dna \u0161tevilka:\u00a02711214000Dav\u010dna \u0161tevilka:\u00a020781008","og_url":"https:\/\/sd-snajper.si\/en\/kontakt\/","og_site_name":"SD Snajper","article_publisher":"https:\/\/www.facebook.com\/groups\/snajper","article_modified_time":"2024-09-23T09:40:07+00:00","og_image":[{"url":"https:\/\/sd-snajper.si\/wp-content\/uploads\/2024\/04\/SD-Snajper-favicon.png","type":"","width":"","height":""}],"twitter_card":"summary_large_image","twitter_misc":{"Est. reading time":"1 minute"},"schema":{"@context":"https:\/\/schema.org","@graph":[{"@type":"WebPage","@id":"https:\/\/sd-snajper.si\/kontakt\/","url":"https:\/\/sd-snajper.si\/kontakt\/","name":"Kontakt - SD Snajper","isPartOf":{"@id":"https:\/\/sd-snajper.si\/#website"},"primaryImageOfPage":{"@id":"https:\/\/sd-snajper.si\/kontakt\/#primaryimage"},"image":{"@id":"https:\/\/sd-snajper.si\/kontakt\/#primaryimage"},"thumbnailUrl":"https:\/\/sd-snajper.si\/wp-content\/uploads\/2024\/04\/SD-Snajper-favicon.png","datePublished":"2024-05-28T10:16:24+00:00","dateModified":"2024-09-23T09:40:07+00:00","breadcrumb":{"@id":"https:\/\/sd-snajper.si\/kontakt\/#breadcrumb"},"inLanguage":"en-US","potentialAction":[{"@type":"ReadAction","target":["https:\/\/sd-snajper.si\/kontakt\/"]}]},{"@type":"ImageObject","inLanguage":"en-US","@id":"https:\/\/sd-snajper.si\/kontakt\/#primaryimage","url":"https:\/\/sd-snajper.si\/wp-content\/uploads\/2024\/04\/SD-Snajper-favicon.png","contentUrl":"https:\/\/sd-snajper.si\/wp-content\/uploads\/2024\/04\/SD-Snajper-favicon.png"},{"@type":"BreadcrumbList","@id":"https:\/\/sd-snajper.si\/kontakt\/#breadcrumb","itemListElement":[{"@type":"ListItem","position":1,"name":"Home","item":"https:\/\/sd-snajper.si\/"},{"@type":"ListItem","position":2,"name":"Kontakt"}]},{"@type":"WebSite","@id":"https:\/\/sd-snajper.si\/#website","url":"https:\/\/sd-snajper.si\/","name":"SD Snajper","description":"Strelsko dru\u0161tvo Snajper zdru\u017euje ljubitelje streljanja z ognjenim oro\u017ejem","publisher":{"@id":"https:\/\/sd-snajper.si\/#organization"},"potentialAction":[{"@type":"SearchAction","target":{"@type":"EntryPoint","urlTemplate":"https:\/\/sd-snajper.si\/?s={search_term_string}"},"query-input":{"@type":"PropertyValueSpecification","valueRequired":true,"valueName":"search_term_string"}}],"inLanguage":"en-US"},{"@type":"Organization","@id":"https:\/\/sd-snajper.si\/#organization","name":"Snajper Shooting Club","alternateName":"SD Snajper","url":"https:\/\/sd-snajper.si\/","logo":{"@type":"ImageObject","inLanguage":"en-US","@id":"https:\/\/sd-snajper.si\/#\/schema\/logo\/image\/","url":"https:\/\/sd-snajper.si\/wp-content\/uploads\/2024\/07\/Snajper-512-logo.png","contentUrl":"https:\/\/sd-snajper.si\/wp-content\/uploads\/2024\/07\/Snajper-512-logo.png","width":512,"height":512,"caption":"Strelsko dru\u0161tvo Snajper"},"image":{"@id":"https:\/\/sd-snajper.si\/#\/schema\/logo\/image\/"},"sameAs":["https:\/\/www.facebook.com\/groups\/snajper","https:\/\/www.instagram.com\/snajper_23"]}]}},"_links":{"self":[{"href":"https:\/\/sd-snajper.si\/en\/wp-json\/wp\/v2\/pages\/609","targetHints":{"allow":["GET"]}}],"collection":[{"href":"https:\/\/sd-snajper.si\/en\/wp-json\/wp\/v2\/pages"}],"about":[{"href":"https:\/\/sd-snajper.si\/en\/wp-json\/wp\/v2\/types\/page"}],"author":[{"embeddable":true,"href":"https:\/\/sd-snajper.si\/en\/wp-json\/wp\/v2\/users\/1"}],"replies":[{"embeddable":true,"href":"https:\/\/sd-snajper.si\/en\/wp-json\/wp\/v2\/comments?post=609"}],"version-history":[{"count":24,"href":"https:\/\/sd-snajper.si\/en\/wp-json\/wp\/v2\/pages\/609\/revisions"}],"predecessor-version":[{"id":1191,"href":"https:\/\/sd-snajper.si\/en\/wp-json\/wp\/v2\/pages\/609\/revisions\/1191"}],"wp:attachment":[{"href":"https:\/\/sd-snajper.si\/en\/wp-json\/wp\/v2\/media?parent=609"}],"curies":[{"name":"wp","href":"https:\/\/api.w.org\/{rel}","templated":true}]}}