{"id":722,"date":"2024-05-28T17:43:15","date_gmt":"2024-05-28T15:43:15","guid":{"rendered":"https:\/\/sd-snajper.si\/?page_id=722"},"modified":"2024-09-23T11:37:25","modified_gmt":"2024-09-23T09:37:25","slug":"tecaji","status":"publish","type":"page","link":"https:\/\/sd-snajper.si\/en\/tecaji\/","title":{"rendered":"Training"},"content":{"rendered":"<div data-elementor-type=\"wp-page\" data-elementor-id=\"722\" class=\"elementor elementor-722\">\n\t\t\t\t<div class=\"elementor-element elementor-element-c823e51 e-flex e-con-boxed wpr-particle-no wpr-jarallax-no wpr-parallax-no wpr-sticky-section-no wpr-equal-height-no e-con e-parent\" data-id=\"c823e51\" data-element_type=\"container\" data-e-type=\"container\" data-settings=\"{&quot;background_background&quot;:&quot;gradient&quot;}\">\n\t\t\t\t\t<div class=\"e-con-inner\">\n\t\t<div class=\"elementor-element elementor-element-ff7e3b5 e-con-full e-flex wpr-particle-no wpr-jarallax-no wpr-parallax-no wpr-sticky-section-no wpr-equal-height-no e-con e-child\" data-id=\"ff7e3b5\" data-element_type=\"container\" data-e-type=\"container\">\n\t\t\t\t<div class=\"elementor-element elementor-element-0d197e0 elementor-widget elementor-widget-elementskit-heading\" data-id=\"0d197e0\" data-element_type=\"widget\" data-e-type=\"widget\" data-widget_type=\"elementskit-heading.default\">\n\t\t\t\t<div class=\"elementor-widget-container\">\n\t\t\t\t\t<div class=\"ekit-wid-con\" ><div class=\"ekit-heading elementskit-section-title-wraper text_center   ekit_heading_tablet-   ekit_heading_mobile-\"><h2 class=\"ekit-heading--title elementskit-section-title\">TRAINING<\/h2><h3 class=\"ekit-heading--subtitle elementskit-section-subtitle\">\n\t\t\t\t\t\t\u2013 Training and education in weapons handling \u2013\n\t\t\t\t\t<\/h3><\/div><\/div>\t\t\t\t<\/div>\n\t\t\t\t<\/div>\n\t\t\t\t<\/div>\n\t\t\t\t\t<\/div>\n\t\t\t\t<\/div>\n\t\t<div class=\"elementor-element elementor-element-4b57fe2 e-flex e-con-boxed wpr-particle-no wpr-jarallax-no wpr-parallax-no wpr-sticky-section-no wpr-equal-height-no e-con e-parent\" data-id=\"4b57fe2\" data-element_type=\"container\" data-e-type=\"container\" data-settings=\"{&quot;background_background&quot;:&quot;classic&quot;,&quot;shape_divider_bottom&quot;:&quot;tilt&quot;}\">\n\t\t\t\t\t<div class=\"e-con-inner\">\n\t\t\t\t<div class=\"elementor-shape elementor-shape-bottom\" aria-hidden=\"true\" data-negative=\"false\">\n\t\t\t<svg xmlns=\"http:\/\/www.w3.org\/2000\/svg\" viewbox=\"0 0 1000 100\" preserveaspectratio=\"none\">\n\t<path class=\"elementor-shape-fill\" d=\"M0,6V0h1000v100L0,6z\"\/>\n<\/svg>\t\t<\/div>\n\t\t\t\t<div class=\"elementor-element elementor-element-af8b3b2 elementor-widget elementor-widget-heading\" data-id=\"af8b3b2\" data-element_type=\"widget\" data-e-type=\"widget\" data-widget_type=\"heading.default\">\n\t\t\t\t<div class=\"elementor-widget-container\">\n\t\t\t\t\t<h2 class=\"elementor-heading-title elementor-size-default\">Soon we will organize shooting courses and trainings. <br><br>Stay up to date on upcoming courses and trainings by signing up for notifications!<\/h2>\t\t\t\t<\/div>\n\t\t\t\t<\/div>\n\t\t\t\t<div class=\"elementor-element elementor-element-96224e5 elementor-widget__width-initial wpr-mailchimp-layout-hr elementor-widget elementor-widget-wpr-mailchimp\" data-id=\"96224e5\" data-element_type=\"widget\" data-e-type=\"widget\" data-widget_type=\"wpr-mailchimp.default\">\n\t\t\t\t<div class=\"elementor-widget-container\">\n\t\t\t\t\t\n\t\t<form class=\"wpr-mailchimp-form\" id=\"wpr-mailchimp-form-96224e5\" method=\"POST\" data-list-id=\"aec15df734\" data-clear-fields=\"\" action=\"\">\n\t\t\t<!-- Form Header -->\n\t\t\t\n\t\t\t<div class=\"wpr-mailchimp-fields\">\n\t\t\t\t<!-- Email Input -->\n\t\t\t\t<div class=\"wpr-mailchimp-email\">\n\t\t\t\t\t\t\t\t\t\t<input type=\"email\" name=\"wpr_mailchimp_email\" placeholder=\"e-mail@mail.com\" required=\"required\">\n\t\t\t\t<\/div>\n\n\t\t\t\t<!-- Extra Fields -->\n\t\t\t\t\n\t\t\t\t<!-- Subscribe Button -->\n\t\t\t\t<div class=\"wpr-mailchimp-subscribe\">\n\t\t\t\t\t<button type=\"submit\" id=\"wpr-subscribe-96224e5\" class=\"wpr-mailchimp-subscribe-btn\" data-loading=\"Po\u0161iljam\">\n\t\t\t\t  \t\tNotify me\t\t\t\t\t<\/button>\n\t\t\t\t<\/div>\n\t\t\t<\/div>\n\n\t\t\t<!-- Success\/Error Message -->\n\t\t\t<div class=\"wpr-mailchimp-message\">\n\t\t\t\t<span class=\"wpr-mailchimp-success-message\">You have successfully signed up for notifications!<\/span>\n\t\t\t\t<span class=\"wpr-mailchimp-error-message\">Oops! Something failed, please try again.<\/span>\n\t\t\t<\/div>\n\t\t<input type=\"hidden\" name=\"trp-form-language\" value=\"en\"\/><\/form>\n\n\t\t\t\t\t\t<\/div>\n\t\t\t\t<\/div>\n\t\t\t\t\t<\/div>\n\t\t\t\t<\/div>\n\t\t\t\t<\/div>","protected":false},"excerpt":{"rendered":"<p>TE\u010cAJI \u2013 Usposabljanja in izobra\u017eevanja o rokovanju z oro\u017ejem \u2013 Kmalu bomo za\u010deli z organizacijo strelskih te\u010dajev in izobra\u017eevanj. Bodite na teko\u010dem o prihajajo\u010dih te\u010dajih in usposabljanjih s prijavo na obvestila! Obvesti me Uspe\u0161no ste se prijavili na obvestila! Ups! Nekaj je spodletelo, poskusite znova.<\/p>","protected":false},"author":1,"featured_media":0,"parent":0,"menu_order":0,"comment_status":"closed","ping_status":"closed","template":"","meta":{"ocean_post_layout":"","ocean_both_sidebars_style":"","ocean_both_sidebars_content_width":0,"ocean_both_sidebars_sidebars_width":0,"ocean_sidebar":"","ocean_second_sidebar":"","ocean_disable_margins":"enable","ocean_add_body_class":"","ocean_shortcode_before_top_bar":"","ocean_shortcode_after_top_bar":"","ocean_shortcode_before_header":"","ocean_shortcode_after_header":"","ocean_has_shortcode":"","ocean_shortcode_after_title":"","ocean_shortcode_before_footer_widgets":"","ocean_shortcode_after_footer_widgets":"","ocean_shortcode_before_footer_bottom":"","ocean_shortcode_after_footer_bottom":"","ocean_display_top_bar":"default","ocean_display_header":"default","ocean_header_style":"","ocean_center_header_left_menu":"","ocean_custom_header_template":"","ocean_custom_logo":0,"ocean_custom_retina_logo":0,"ocean_custom_logo_max_width":0,"ocean_custom_logo_tablet_max_width":0,"ocean_custom_logo_mobile_max_width":0,"ocean_custom_logo_max_height":0,"ocean_custom_logo_tablet_max_height":0,"ocean_custom_logo_mobile_max_height":0,"ocean_header_custom_menu":"","ocean_menu_typo_font_family":"","ocean_menu_typo_font_subset":"","ocean_menu_typo_font_size":0,"ocean_menu_typo_font_size_tablet":0,"ocean_menu_typo_font_size_mobile":0,"ocean_menu_typo_font_size_unit":"px","ocean_menu_typo_font_weight":"","ocean_menu_typo_font_weight_tablet":"","ocean_menu_typo_font_weight_mobile":"","ocean_menu_typo_transform":"","ocean_menu_typo_transform_tablet":"","ocean_menu_typo_transform_mobile":"","ocean_menu_typo_line_height":0,"ocean_menu_typo_line_height_tablet":0,"ocean_menu_typo_line_height_mobile":0,"ocean_menu_typo_line_height_unit":"","ocean_menu_typo_spacing":0,"ocean_menu_typo_spacing_tablet":0,"ocean_menu_typo_spacing_mobile":0,"ocean_menu_typo_spacing_unit":"","ocean_menu_link_color":"","ocean_menu_link_color_hover":"","ocean_menu_link_color_active":"","ocean_menu_link_background":"","ocean_menu_link_hover_background":"","ocean_menu_link_active_background":"","ocean_menu_social_links_bg":"","ocean_menu_social_hover_links_bg":"","ocean_menu_social_links_color":"","ocean_menu_social_hover_links_color":"","ocean_disable_title":"on","ocean_disable_heading":"default","ocean_post_title":"","ocean_post_subheading":"","ocean_post_title_style":"","ocean_post_title_background_color":"","ocean_post_title_background":0,"ocean_post_title_bg_image_position":"","ocean_post_title_bg_image_attachment":"","ocean_post_title_bg_image_repeat":"","ocean_post_title_bg_image_size":"","ocean_post_title_height":0,"ocean_post_title_bg_overlay":0.5,"ocean_post_title_bg_overlay_color":"","ocean_disable_breadcrumbs":"default","ocean_breadcrumbs_color":"","ocean_breadcrumbs_separator_color":"","ocean_breadcrumbs_links_color":"","ocean_breadcrumbs_links_hover_color":"","ocean_display_footer_widgets":"default","ocean_display_footer_bottom":"default","ocean_custom_footer_template":"","footnotes":""},"class_list":["post-722","page","type-page","status-publish","hentry","entry"],"yoast_head":"<!-- This site is optimized with the Yoast SEO plugin v27.4 - https:\/\/yoast.com\/product\/yoast-seo-wordpress\/ -->\n<title>Te\u010daji - SD Snajper<\/title>\n<meta name=\"robots\" content=\"index, follow, max-snippet:-1, max-image-preview:large, max-video-preview:-1\" \/>\n<link rel=\"canonical\" href=\"https:\/\/sd-snajper.si\/en\/tecaji\/\" \/>\n<meta property=\"og:locale\" content=\"en_US\" \/>\n<meta property=\"og:type\" content=\"article\" \/>\n<meta property=\"og:title\" content=\"Te\u010daji - SD Snajper\" \/>\n<meta property=\"og:description\" content=\"TE\u010cAJI \u2013 Usposabljanja in izobra\u017eevanja o rokovanju z oro\u017ejem \u2013 Kmalu bomo za\u010deli z organizacijo strelskih te\u010dajev in izobra\u017eevanj. Bodite na teko\u010dem o prihajajo\u010dih te\u010dajih in usposabljanjih s prijavo na obvestila! Obvesti me Uspe\u0161no ste se prijavili na obvestila! Ups! Nekaj je spodletelo, poskusite znova.\" \/>\n<meta property=\"og:url\" content=\"https:\/\/sd-snajper.si\/en\/tecaji\/\" \/>\n<meta property=\"og:site_name\" content=\"SD Snajper\" \/>\n<meta property=\"article:publisher\" content=\"https:\/\/www.facebook.com\/groups\/snajper\" \/>\n<meta property=\"article:modified_time\" content=\"2024-09-23T09:37:25+00:00\" \/>\n<meta name=\"twitter:card\" content=\"summary_large_image\" \/>\n<meta name=\"twitter:label1\" content=\"Est. reading time\" \/>\n\t<meta name=\"twitter:data1\" content=\"1 minute\" \/>\n<script type=\"application\/ld+json\" class=\"yoast-schema-graph\">{\"@context\":\"https:\\\/\\\/schema.org\",\"@graph\":[{\"@type\":\"WebPage\",\"@id\":\"https:\\\/\\\/sd-snajper.si\\\/tecaji\\\/\",\"url\":\"https:\\\/\\\/sd-snajper.si\\\/tecaji\\\/\",\"name\":\"Te\u010daji - SD Snajper\",\"isPartOf\":{\"@id\":\"https:\\\/\\\/sd-snajper.si\\\/#website\"},\"datePublished\":\"2024-05-28T15:43:15+00:00\",\"dateModified\":\"2024-09-23T09:37:25+00:00\",\"breadcrumb\":{\"@id\":\"https:\\\/\\\/sd-snajper.si\\\/tecaji\\\/#breadcrumb\"},\"inLanguage\":\"en-US\",\"potentialAction\":[{\"@type\":\"ReadAction\",\"target\":[\"https:\\\/\\\/sd-snajper.si\\\/tecaji\\\/\"]}]},{\"@type\":\"BreadcrumbList\",\"@id\":\"https:\\\/\\\/sd-snajper.si\\\/tecaji\\\/#breadcrumb\",\"itemListElement\":[{\"@type\":\"ListItem\",\"position\":1,\"name\":\"Home\",\"item\":\"https:\\\/\\\/sd-snajper.si\\\/\"},{\"@type\":\"ListItem\",\"position\":2,\"name\":\"Te\u010daji\"}]},{\"@type\":\"WebSite\",\"@id\":\"https:\\\/\\\/sd-snajper.si\\\/#website\",\"url\":\"https:\\\/\\\/sd-snajper.si\\\/\",\"name\":\"SD Snajper\",\"description\":\"Strelsko dru\u0161tvo Snajper zdru\u017euje ljubitelje streljanja z ognjenim oro\u017ejem\",\"publisher\":{\"@id\":\"https:\\\/\\\/sd-snajper.si\\\/#organization\"},\"potentialAction\":[{\"@type\":\"SearchAction\",\"target\":{\"@type\":\"EntryPoint\",\"urlTemplate\":\"https:\\\/\\\/sd-snajper.si\\\/?s={search_term_string}\"},\"query-input\":{\"@type\":\"PropertyValueSpecification\",\"valueRequired\":true,\"valueName\":\"search_term_string\"}}],\"inLanguage\":\"en-US\"},{\"@type\":\"Organization\",\"@id\":\"https:\\\/\\\/sd-snajper.si\\\/#organization\",\"name\":\"Strelsko dru\u0161tvo Snajper\",\"alternateName\":\"SD Snajper\",\"url\":\"https:\\\/\\\/sd-snajper.si\\\/\",\"logo\":{\"@type\":\"ImageObject\",\"inLanguage\":\"en-US\",\"@id\":\"https:\\\/\\\/sd-snajper.si\\\/#\\\/schema\\\/logo\\\/image\\\/\",\"url\":\"https:\\\/\\\/sd-snajper.si\\\/wp-content\\\/uploads\\\/2024\\\/07\\\/Snajper-512-logo.png\",\"contentUrl\":\"https:\\\/\\\/sd-snajper.si\\\/wp-content\\\/uploads\\\/2024\\\/07\\\/Snajper-512-logo.png\",\"width\":512,\"height\":512,\"caption\":\"Strelsko dru\u0161tvo Snajper\"},\"image\":{\"@id\":\"https:\\\/\\\/sd-snajper.si\\\/#\\\/schema\\\/logo\\\/image\\\/\"},\"sameAs\":[\"https:\\\/\\\/www.facebook.com\\\/groups\\\/snajper\",\"https:\\\/\\\/www.instagram.com\\\/snajper_23\"]}]}<\/script>\n<!-- \/ Yoast SEO plugin. -->","yoast_head_json":{"title":"Te\u010daji - SD Snajper","robots":{"index":"index","follow":"follow","max-snippet":"max-snippet:-1","max-image-preview":"max-image-preview:large","max-video-preview":"max-video-preview:-1"},"canonical":"https:\/\/sd-snajper.si\/en\/tecaji\/","og_locale":"en_US","og_type":"article","og_title":"Te\u010daji - SD Snajper","og_description":"TE\u010cAJI \u2013 Usposabljanja in izobra\u017eevanja o rokovanju z oro\u017ejem \u2013 Kmalu bomo za\u010deli z organizacijo strelskih te\u010dajev in izobra\u017eevanj. Bodite na teko\u010dem o prihajajo\u010dih te\u010dajih in usposabljanjih s prijavo na obvestila! Obvesti me Uspe\u0161no ste se prijavili na obvestila! Ups! Nekaj je spodletelo, poskusite znova.","og_url":"https:\/\/sd-snajper.si\/en\/tecaji\/","og_site_name":"SD Snajper","article_publisher":"https:\/\/www.facebook.com\/groups\/snajper","article_modified_time":"2024-09-23T09:37:25+00:00","twitter_card":"summary_large_image","twitter_misc":{"Est. reading time":"1 minute"},"schema":{"@context":"https:\/\/schema.org","@graph":[{"@type":"WebPage","@id":"https:\/\/sd-snajper.si\/tecaji\/","url":"https:\/\/sd-snajper.si\/tecaji\/","name":"Te\u010daji - SD Snajper","isPartOf":{"@id":"https:\/\/sd-snajper.si\/#website"},"datePublished":"2024-05-28T15:43:15+00:00","dateModified":"2024-09-23T09:37:25+00:00","breadcrumb":{"@id":"https:\/\/sd-snajper.si\/tecaji\/#breadcrumb"},"inLanguage":"en-US","potentialAction":[{"@type":"ReadAction","target":["https:\/\/sd-snajper.si\/tecaji\/"]}]},{"@type":"BreadcrumbList","@id":"https:\/\/sd-snajper.si\/tecaji\/#breadcrumb","itemListElement":[{"@type":"ListItem","position":1,"name":"Home","item":"https:\/\/sd-snajper.si\/"},{"@type":"ListItem","position":2,"name":"Te\u010daji"}]},{"@type":"WebSite","@id":"https:\/\/sd-snajper.si\/#website","url":"https:\/\/sd-snajper.si\/","name":"SD Snajper","description":"Strelsko dru\u0161tvo Snajper zdru\u017euje ljubitelje streljanja z ognjenim oro\u017ejem","publisher":{"@id":"https:\/\/sd-snajper.si\/#organization"},"potentialAction":[{"@type":"SearchAction","target":{"@type":"EntryPoint","urlTemplate":"https:\/\/sd-snajper.si\/?s={search_term_string}"},"query-input":{"@type":"PropertyValueSpecification","valueRequired":true,"valueName":"search_term_string"}}],"inLanguage":"en-US"},{"@type":"Organization","@id":"https:\/\/sd-snajper.si\/#organization","name":"Snajper Shooting Club","alternateName":"SD Snajper","url":"https:\/\/sd-snajper.si\/","logo":{"@type":"ImageObject","inLanguage":"en-US","@id":"https:\/\/sd-snajper.si\/#\/schema\/logo\/image\/","url":"https:\/\/sd-snajper.si\/wp-content\/uploads\/2024\/07\/Snajper-512-logo.png","contentUrl":"https:\/\/sd-snajper.si\/wp-content\/uploads\/2024\/07\/Snajper-512-logo.png","width":512,"height":512,"caption":"Strelsko dru\u0161tvo Snajper"},"image":{"@id":"https:\/\/sd-snajper.si\/#\/schema\/logo\/image\/"},"sameAs":["https:\/\/www.facebook.com\/groups\/snajper","https:\/\/www.instagram.com\/snajper_23"]}]}},"_links":{"self":[{"href":"https:\/\/sd-snajper.si\/en\/wp-json\/wp\/v2\/pages\/722","targetHints":{"allow":["GET"]}}],"collection":[{"href":"https:\/\/sd-snajper.si\/en\/wp-json\/wp\/v2\/pages"}],"about":[{"href":"https:\/\/sd-snajper.si\/en\/wp-json\/wp\/v2\/types\/page"}],"author":[{"embeddable":true,"href":"https:\/\/sd-snajper.si\/en\/wp-json\/wp\/v2\/users\/1"}],"replies":[{"embeddable":true,"href":"https:\/\/sd-snajper.si\/en\/wp-json\/wp\/v2\/comments?post=722"}],"version-history":[{"count":3,"href":"https:\/\/sd-snajper.si\/en\/wp-json\/wp\/v2\/pages\/722\/revisions"}],"predecessor-version":[{"id":1185,"href":"https:\/\/sd-snajper.si\/en\/wp-json\/wp\/v2\/pages\/722\/revisions\/1185"}],"wp:attachment":[{"href":"https:\/\/sd-snajper.si\/en\/wp-json\/wp\/v2\/media?parent=722"}],"curies":[{"name":"wp","href":"https:\/\/api.w.org\/{rel}","templated":true}]}}